{"id":28846,"date":"2023-08-02T22:19:53","date_gmt":"2023-08-02T20:19:53","guid":{"rendered":"http:\/\/damenatures.com\/?page_id=28846"},"modified":"2025-01-04T10:52:23","modified_gmt":"2025-01-04T09:52:23","slug":"nos-partenaires","status":"publish","type":"page","link":"https:\/\/damenatures.com\/de\/nos-partenaires\/","title":{"rendered":"Unsere Partner"},"content":{"rendered":"<p>[et_pb_section fb_built=\"1\u2033 disabled_on=\"on|off|off \" _builder_version=\"4.23.1\u2033 _module_preset=\"default \" custom_padding=\"26px||||| \" global_colors_info=\"{} \"][et_pb_row _builder_version=\"4.23.1\u2033 _module_preset= \"default \" global_colors_info= \"{} \"][et_pb_column type= \"4_4\u2033 _builder_version= \"4.23.1\u2033 _module_preset= \"default \" global_colors_info= \"{} \"][et_pb_text _builder_version= \"4.27.3\u2033 _module_preset= \"default \" text_font= \"Yeseva One|||||||| \" text_text_color= \"#447B75\u2033 text_font_size= \"36px \" text_orientation= \"center \" hover_enabled= \"0\u2033 global_colors_info= \"{} \" sticky_enabled= \"0\u2033]<\/p>\n<p>Unsere Partner<\/p>\n<p>[\/et_pb_text][\/et_pb_column][\/et_pb_row][et_pb_row _builder_version= \"4.23.1\u2033 _module_preset= \"default \" custom_padding= \"12px||||| \" global_colors_info= \"{} \"][et_pb_column type= \"4_4\u2033 _builder_version= \"4.23.1\u2033 _module_preset= \"default\" global_colors_info= \"{} \"][et_pb_text _builder_version= \"4.27.3\u2033 _module_preset= \"default\" text_font_size= \"16px\" text_line_height= \"1em \" hover_enabled= \"0\u2033 global_colors_info= \"{} \" sticky_enabled= \"0\u2033]<\/p>\n<p style=\"text-align: center;\">Da wir uns der lokalen Produktion verpflichtet f\u00fchlen, sind wir stolz darauf, mit Partnern aus dem Wallis zusammenzuarbeiten.<\/p>\n<p style=\"text-align: center;\">Gemeinsam werten wir das Kunsthandwerk auf und unterst\u00fctzen unsere sch\u00f6ne Region.<\/p>\n<p>[\/et_pb_text][\/et_pb_column][\/et_pb_row][et_pb_row column_structure= \"1_2,1_2\u2033 _builder_version= \"4.23.1\u2033 _module_preset= \"default \" custom_margin= \"2px|auto||| \" custom_padding= \"||28px|| \" global_colors_info= \"{} \"][et_pb_column type= \"1_2\u2033 _builder_version= \"4.23.1\u2033 _module_preset= \"default\" global_colors_info= \"{} \"][et_pb_image src= \"https:\/\/damenatures.com\/wp-content\/uploads\/2024\/08\/Capture-decran-2024-08-28-a-10.12.42.png \" title_text= \"Screenshot 2024-08-28 um 10.12.42\u2033 url= \"https:\/\/www.fovahm.ch\/ \" align= \"center \" _builder_version= \"4.23.1\u2033 _module_preset= \"default \" width= \"80% \" global_colors_info= \"{} \"][\/et_pb_image][\/et_pb_column][et_pb_column type= \"1_2\u2033 _builder_version= \"4.23.1\u2033 _module_preset= \"default \" global_colors_info= \"{}\"][et_pb_image src= \"https:\/\/damenatures.com\/wp-content\/uploads\/2024\/08\/Capture-decran-2024-08-28-a-10.16.55.png\" title_text= \"Screenshot 2024-08-28 um 10.16.55\u2033 url= \"https:\/\/www.phytosphere.ch\/ \" align= \"center\" _builder_version= \"4.23.1\u2033 _module_preset= \"default \" width= \"80% \" global_colors_info= \"{} \"][\/et_pb_image][\/et_pb_column][\/et_pb_row][et_pb_row column_structure= \"1_2,1_2\u2033 _builder_version= \"4.23.1\u2033 _module_preset= \"default \" global_colors_info= \"{}\"][et_pb_column type= \"1_2\u2033 _builder_version= \"4.23.1\u2033 _module_preset= \"default \" global_colors_info= \"{}\"][et_pb_image src= \"https:\/\/damenatures.com\/wp-content\/uploads\/2024\/08\/image001.png \" title_text= \"image001\u2033 url= \"http:\/\/www.siriusprint.ch\/ \" align= \"center\" _builder_version= \"4.23.1\u2033 _module_preset= \"default \" max_width= \"80% \" global_colors_info= \"{} \"][\/et_pb_image][\/et_pb_column][et_pb_column type= \"1_2\u2033 _builder_version= \"4.23.1\u2033 _module_preset= \"default \" global_colors_info= \"{}\"][et_pb_image src= \"https:\/\/damenatures.com\/wp-content\/uploads\/2024\/08\/Logo-LI-Pantone_vecto.jpg.jpeg\" title_text= \"Logo Label Impression-Pantone_vecto \" url= \"https:\/\/labelimpression.ch\/ \" align= \"center\" _builder_version= \"4.23.1\u2033 _module_preset= \"default \" max_width= \"80% \" custom_margin= \"||9px||| \" custom_padding= \"18px||17px||| \" global_colors_info= \"Standard\". \"{} \"][\/et_pb_image][\/et_pb_column][\/et_pb_row][\/et_pb_section][et_pb_section fb_built= \"1\u2033 disabled_on= \"off|on|on\" _builder_version= \"4.23.1\u2033 _module_preset= \"default \" custom_padding= \"13px||||| \" global_colors_info= \"{} \"][et_pb_row _builder_version= \"4.23.1\u2033 _module_preset= \"default \" global_colors_info= \"{} \"][et_pb_column type= \"4_4\u2033 _builder_version= \"4.23.1\u2033 _module_preset= \"default \" global_colors_info= \"{} \"][et_pb_text _builder_version= \"4.23.1\u2033 _module_preset= \"default \" text_font= \"Yeseva One|||||||| \" text_text_color= \"#447B75\u2033 text_font_size= \"28px \" text_orientation= \"center \" global_colors_info= \"{} \"]<\/p>\n<p>Unsere Partner<\/p>\n<p>[\/et_pb_text][\/et_pb_column][\/et_pb_row][et_pb_row _builder_version= \"4.23.1\u2033 _module_preset= \"default \" custom_margin= \"-5px|auto|| \" custom_padding= \"12px||||| \" global_colors_info= \"{} \"][et_pb_column type= \"4_4\u2033 _builder_version= \"4.23.1\u2033 _module_preset=\"default \" global_colors_info=\"{} \"][et_pb_text _builder_version=\"4.23.1\u2033 _module_preset=\"default \" text_line_height=\"1.3em \" global_colors_info=\"{} \"]<\/p>\n<p style=\"text-align: center;\">Engagiert sich f\u00fcr die lokale Produktion,<br \/>wir sind stolz auf die Zusammenarbeit mit<br \/>der Partner aus dem Wallis.<\/p>\n<p style=\"text-align: center;\">Gemeinsam werten wir das Kunsthandwerk auf und unterst\u00fctzen unsere sch\u00f6ne Region.<\/p>\n<p>[\/et_pb_text][\/et_pb_column][\/et_pb_row][et_pb_row column_structure= \"1_2,1_2\u2033 _builder_version= \"4.23.1\u2033 _module_preset= \"default \" custom_margin= \"2px|auto||| \" custom_padding= \"15px||28px|| \" global_colors_info= \"{} \"][et_pb_column type= \"1_2\u2033 _builder_version= \"4.23.1\u2033 _module_preset= \"default \" global_colors_info= \"{}\"][et_pb_image src= \"https:\/\/damenatures.com\/wp-content\/uploads\/2024\/08\/Capture-decran-2024-08-28-a-10.12.42.png\" title_text= \"Screenshot 2024-08-28 um 10.12.42\u2033 url= \"https:\/\/www.fovahm.ch\/ \" align= \"center\" _builder_version= \"4.23.1\u2033 _module_preset= \"default \" width= \"80% \" max_width= \"62% \" module_alignment= \"center\" custom_margin= \"-2px||||| \" global_colors_info= \"{} \"][\/et_pb_image][\/et_pb_column][et_pb_column type= \"1_2\u2033 _builder_version= \"4.23.1\u2033 _module_preset= \"default \" global_colors_info= \"{}\"][et_pb_image src= \"https:\/\/damenatures.com\/wp-content\/uploads\/2024\/08\/Capture-decran-2024-08-28-a-10.16.55.png\" title_text= \"Screenshot 2024-08-28 um 10.16.55\u2033 url= \"https:\/\/www.phytosphere.ch\/ \" align= \"center\" _builder_version= \"4.23.1\u2033 _module_preset= \"default \" width= \"80% \" max_width= \"72% \" module_alignment= \"center \" custom_margin= \"-2px||||| \" global_colors_info= \"{} \"][\/et_pb_image][\/et_pb_column][\/et_pb_row][et_pb_row column_structure= \"1_2,1_2\u2033 _builder_version= \"4.23.1\u2033 _module_preset= \"default \" custom_padding= \"6px||0px|| \" global_colors_info= \"{}\"][et_pb_column type= \"1_2\u2033 _builder_version= \"4.23.1\u2033 _module_preset= \"default \" global_colors_info= \"{}\"][et_pb_image src= \"https:\/\/damenatures.com\/wp-content\/uploads\/2024\/08\/image001.png \" title_text= \"image001\u2033 url= \"http:\/\/www.siriusprint.ch\/ \" align= \"center\" _builder_version= \"4.23.1\u2033 _module_preset= \"default \" max_width= \"70% \" module_alignment= \"center\" global_colors_info= \"{} \"][\/et_pb_image][\/et_pb_column][et_pb_column type= \"1_2\u2033 _builder_version= \"4.23.1\u2033 _module_preset= \"default\" global_colors_info= \"{} \"][et_pb_image src= \"https:\/\/damenatures.com\/wp-content\/uploads\/2024\/08\/Logo-LI-Pantone_vecto.jpg.jpeg \" title_text= \"Logo Label Impression-Pantone_vecto \" url= \"https:\/\/labelimpression.ch\/ \" align= \"center\" _builder_version= \"4.23.1\u2033 _module_preset= \"default \" max_width= \"73% \" custom_margin= \"-7px||9px|| \" custom_padding= \"18px||17px||| \" global_colors_info= \"{} \"][\/et_pb_image][\/et_pb_column][\/et_pb_row][\/et_pb_section]<\/p>","protected":false},"excerpt":{"rendered":"<p>Unsere PartnerWir engagieren uns f\u00fcr die lokale Produktion und sind stolz darauf, mit Partnern aus dem Wallis zusammenzuarbeiten. Gemeinsam werten wir das Handwerk auf und unterst\u00fctzen unsere sch\u00f6ne Region.Unsere PartnerWir engagieren uns f\u00fcr die lokale Produktion und sind stolz darauf, mit Partnern aus dem Wallis zusammenzuarbeiten. Gemeinsam werten wir das Kunsthandwerk auf und unterst\u00fctzen unsere sch\u00f6ne Region.<\/p>","protected":false},"author":1,"featured_media":0,"parent":0,"menu_order":0,"comment_status":"closed","ping_status":"closed","template":"","meta":{"_et_pb_use_builder":"on","_et_pb_old_content":"<!-- wp:divi\/placeholder \/-->","_et_gb_content_width":"","wp_mapbox_gl_js_media":[],"footnotes":""},"class_list":["post-28846","page","type-page","status-publish","hentry"],"jetpack_sharing_enabled":true,"_links":{"self":[{"href":"https:\/\/damenatures.com\/de\/wp-json\/wp\/v2\/pages\/28846","targetHints":{"allow":["GET"]}}],"collection":[{"href":"https:\/\/damenatures.com\/de\/wp-json\/wp\/v2\/pages"}],"about":[{"href":"https:\/\/damenatures.com\/de\/wp-json\/wp\/v2\/types\/page"}],"author":[{"embeddable":true,"href":"https:\/\/damenatures.com\/de\/wp-json\/wp\/v2\/users\/1"}],"replies":[{"embeddable":true,"href":"https:\/\/damenatures.com\/de\/wp-json\/wp\/v2\/comments?post=28846"}],"version-history":[{"count":42,"href":"https:\/\/damenatures.com\/de\/wp-json\/wp\/v2\/pages\/28846\/revisions"}],"predecessor-version":[{"id":30555,"href":"https:\/\/damenatures.com\/de\/wp-json\/wp\/v2\/pages\/28846\/revisions\/30555"}],"wp:attachment":[{"href":"https:\/\/damenatures.com\/de\/wp-json\/wp\/v2\/media?parent=28846"}],"curies":[{"name":"wp","href":"https:\/\/api.w.org\/{rel}","templated":true}]}}