{"id":30294,"date":"2024-11-14T11:01:09","date_gmt":"2024-11-14T10:01:09","guid":{"rendered":"https:\/\/damenatures.com\/?page_id=30294"},"modified":"2024-11-18T17:53:38","modified_gmt":"2024-11-18T16:53:38","slug":"conditions-dutilisation","status":"publish","type":"page","link":"https:\/\/damenatures.com\/de\/conditions-dutilisation\/","title":{"rendered":"Bedingungen f\u00fcr die Nutzung"},"content":{"rendered":"<p>[et_pb_section fb_built=\u00a0\u00bb1\u2033 disabled_on=\u00a0\u00bbon|off|off\u00a0\u00bb _builder_version=\u00a0\u00bb4.23.1\u2033 _module_preset=\u00a0\u00bbdefault\u00a0\u00bb global_colors_info=\u00a0\u00bb{}\u00a0\u00bb][et_pb_row _builder_version=\u00a0\u00bb4.23.1\u2033 _module_preset=\u00a0\u00bbdefault\u00a0\u00bb custom_margin=\u00a0\u00bb-23px|auto||auto||\u00a0\u00bb custom_padding=\u00a0\u00bb21px|||||\u00a0\u00bb locked=\u00a0\u00bboff\u00a0\u00bb global_colors_info=\u00a0\u00bb{}\u00a0\u00bb][et_pb_column type=\u00a0\u00bb4_4\u2033 _builder_version=\u00a0\u00bb4.23.1\u2033 _module_preset=\u00a0\u00bbdefault\u00a0\u00bb global_colors_info=\u00a0\u00bb{}\u00a0\u00bb][et_pb_text _builder_version=\u00a0\u00bb4.23.1\u2033 _module_preset=\u00a0\u00bbdefault\u00a0\u00bb text_font=\u00a0\u00bbYeseva One||||||||\u00a0\u00bb text_text_color=\u00a0\u00bb#447B75\u2033 text_font_size=\u00a0\u00bb30px\u00a0\u00bb text_orientation=\u00a0\u00bbcenter\u00a0\u00bb custom_margin=\u00a0\u00bb||60px|||\u00a0\u00bb global_colors_info=\u00a0\u00bb{}\u00a0\u00bb]<\/p>\n<p>Bedingungen f\u00fcr die Nutzung<\/p>\n<p>[\/et_pb_text][et_pb_text _builder_version= \"4.23.1\u2033 _module_preset= \"default \" text_line_height= \"1.3em \" locked= \"off \" global_colors_info= \"{} \"]<\/p>\n<p><strong>ALLGEMEINE GESCH\u00c4FTSBEDINGUNGEN (GVB)<\/strong><\/p>\n<p>Alle Bestellungen, die \u00fcber die Website \"DameNatures\" get\u00e4tigt werden, unterliegen den vorliegenden Allgemeinen Gesch\u00e4ftsbedingungen. Diese sind verbindlich und gelten unter Ausschluss aller anderen Bedingungen oder Vereinbarungen. Sie legen die Rechte und Pflichten jeder Partei fest. Jeder Kunde best\u00e4tigt, dass er die vorliegenden Allgemeinen Gesch\u00e4ftsbedingungen gelesen, verstanden und vorbehaltlos akzeptiert hat.<\/p>\n<p>&nbsp;<\/p>\n<p><strong>NUTZUNGSBEDINGUNGEN<\/strong><\/p>\n<p>Die Nutzung des Online-Shops von DameNatures macht Sie pers\u00f6nlich verantwortlich f\u00fcr die Sicherheit Ihrer Daten (Benutzername und Passwort) und f\u00fcr die Beschr\u00e4nkung auf Sie allein, wenn Dritte auf Ihre pers\u00f6nlichen Daten und\/oder Ihr Konto zugreifen oder bef\u00fcrchten, dass sich jemand unberechtigterweise Zugang zu diesen Daten verschafft hat, sind Sie verpflichtet, uns unverz\u00fcglich dar\u00fcber zu informieren.<\/p>\n<p>&nbsp;<\/p>\n<p><strong>PERS\u00d6NLICHE DATEN<\/strong><\/p>\n<p>DameNatures verpflichtet sich, die Vertraulichkeit der von den Kunden bei ihrer Bestellung auf dieser Website genannten pers\u00f6nlichen Daten zu wahren und sie im Rahmen der gesetzlich vorgeschriebenen Grenzen zu verarbeiten.<\/p>\n<p>Der Kunde verpflichtet sich, die f\u00fcr die Abwicklung seiner Bestellung (Rechnungsstellung und Lieferung) notwendigen pers\u00f6nlichen Daten in angemessener Weise anzugeben. Er verpflichtet sich, dass diese Daten zum Zeitpunkt der Bestellung korrekt und aktuell sind.<\/p>\n<p>&nbsp;<\/p>\n<p><strong>INKRAFTTRETEN DES VERTRAGS<\/strong><\/p>\n<p>Der Vertrag tritt in dem Moment in Kraft, in dem der Kunde die Zahlungsinformationen eingegeben hat und diese auf der Website \"DameNatures\" best\u00e4tigt wurden. Der Auftrag ist damit erteilt.<\/p>\n<p>Die Darstellung der Produkte in unserem Online-Shop ist kein rechtlich bindendes Angebot, sondern stellt lediglich einen unverbindlichen Online-Katalog dar.<\/p>\n<p>Die Best\u00e4tigung Ihrer Bestellung erfolgt unmittelbar durch eine automatisierte E-Mail und stellt noch keine Vertragsannahme dar. Wir pr\u00fcfen dann Ihre Bestellung und die Verf\u00fcgbarkeit der bestellten Waren. Wir k\u00f6nnen den Vertragsschluss entweder durch Zusendung einer Vertragsbest\u00e4tigung oder durch Lieferung der Ware innerhalb von zehn Tagen annehmen.<\/p>\n<p>&nbsp;<\/p>\n<p><strong>AUFTRAGSBEST\u00c4TIGUNG<\/strong><\/p>\n<p>Sobald die Bestellung best\u00e4tigt wurde und die Zahlung erfolgt ist, erh\u00e4lt der Kunde eine E-Mail mit der Best\u00e4tigung seiner Bestellung. Nach dem Versand dieser E-Mail ist es nicht mehr m\u00f6glich, die Lieferadresse zu \u00e4ndern, es sei denn, es handelt sich um einen Fehler bez\u00fcglich der Postleitzahl oder der Hausnummer. Die von DameNatures gespeicherten Daten<span>\u00a0<\/span>stellt einen unwiderlegbaren Beweis f\u00fcr die Bestellung oder die durchgef\u00fchrte Transaktion dar. Alle vom Finanzsystem gespeicherten Daten stellen einen unwiderlegbaren Beweis f\u00fcr die finanziellen Transaktionen dar. Im Falle einer nachtr\u00e4glichen Ablehnung der Zahlungsmethode wird DameNatures<span>\u00a0<\/span>beh\u00e4lt sich das Recht vor, die Lieferung einer \u00fcber diese Website get\u00e4tigten Bestellung nach eigenem Ermessen abzulehnen oder zu stornieren, solange die Zahlung noch nicht erfolgt ist.<\/p>\n<p>&nbsp;<\/p>\n<p><strong>PREIS<\/strong><\/p>\n<p>Die f\u00fcr die Produkte zu zahlenden Preise sind die auf dieser Website zum Zeitpunkt der Bestellung angezeigten Preise ohne Mehrwertsteuer , ohne Lieferkosten. Die Lieferkosten werden zus\u00e4tzlich zu den bestellten Produkten in Rechnung gestellt. Diese sind bei der Zusammenfassung des Warenkorbs sichtbar. Sie werden nach dem Ort berechnet, an dem der Kunde zum Zeitpunkt der Bestellung ans\u00e4ssig ist, und m\u00fcssen zwingend angefordert werden.<\/p>\n<p>&nbsp;<\/p>\n<p><strong>PRODUKTDARSTELLUNG<\/strong><\/p>\n<p><span>DameNaturen <\/span>verpflichtet sich, die Fotografien der Produkte, wie sie auf dieser Website dargestellt werden, so gut wie m\u00f6glich mit denen der Realit\u00e4t in Einklang zu bringen. Je nach Art der Pr\u00e4sentation des Produkts im Internet kann die Darstellung des Produkts durch den Kunden jedoch potenziell von der Realit\u00e4t abweichen.<\/p>\n<p>&nbsp;<\/p>\n<p><strong>BEZAHLUNG<\/strong><\/p>\n<p class=\"p1\">Wir \u00fcbernehmen keine Verantwortung f\u00fcr zus\u00e4tzliche Bankgeb\u00fchren oder Kosten f\u00fcr die W\u00e4hrungsumrechnung im Zusammenhang mit der Verwendung von Kredit- oder Debitkarten, die von Banken au\u00dferhalb des Landes ausgestellt wurden, in das die Bestellung geliefert wird.<\/p>\n<p>In \u00dcbereinstimmung mit den geltenden Vorschriften und um die Sicherheit und Vertraulichkeit ihrer Informationen zu gew\u00e4hrleisten, wird DameNatures<span>\u00a0<\/span>speichert die Bankdaten seiner Kunden nicht. Es obliegt daher dem Kunden, sein Zahlungszertifikat zu speichern und auszudrucken, wenn er die Zahlungsdetails seiner Bestellung aufbewahren m\u00f6chte. Kreditkartendaten werden zum Schutz des Kunden verschl\u00fcsselt.<\/p>\n<p>&nbsp;<\/p>\n<p><strong>LIEFERUNG<\/strong><\/p>\n<p>Die Lieferkosten werden am Ende des Bestellvorgangs anhand des Warenkorbs, des Gewichts, des Volumens und der Tarife des mit der Lieferung beauftragten Transportunternehmens berechnet. Sie sind vom Kunden zu tragen, es sei denn, es handelt sich um eine Sonderaktion, die vom Verk\u00e4ufer selbst angegeben wird.<\/p>\n<p>Ab dem Zeitpunkt der Bestellung und der Best\u00e4tigung der Zahlung betr\u00e4gt die Lieferzeit, als Richtwert, 2 Werktage, kann aber in sehr seltenen F\u00e4llen bis zu 8 Werktage betragen.<\/p>\n<p>Es obliegt dem Kunden, die Menge und den Zustand der Ware zu \u00fcberpr\u00fcfen, sobald ihm die Produkte \u00fcbergeben wurden. Im Falle eines Fehlers (besch\u00e4digtes oder fehlendes Produkt) muss der Kunde sich melden und DameNatures innerhalb von sieben Tagen informieren.<span>\u00a0<\/span>per E-Mail an die folgende Adresse: Damenatureswiss.info@gmail.com.<\/p>\n<p><span>DameNaturen <\/span>wird das fehlende oder besch\u00e4digte Produkt identisch ersetzen, wenn der Fehler von seinen eigenen Abteilungen best\u00e4tigt wurde.<\/p>\n<p>Produkte der Firma DameNatures<span>\u00a0<\/span>k\u00f6nnen nicht Gegenstand einer R\u00fcckgabe oder R\u00fcckerstattung sein, wenn sie in allen Punkten dem Bestellschein entsprechen und keine M\u00e4ngel aufweisen, die zu Lasten der Gesellschaft DameNatures gehen k\u00f6nnten.<\/p>\n<p>&nbsp;<\/p>\n<p><strong>RETURN<\/strong><\/p>\n<p>F\u00fcr Bestellungen in der Schweiz: Mutter Natur,<span>\u00a0<\/span><span>Rte de la Cr\u00eate-Blanche 34, 3977 Granges.<\/span><\/p>\n<p><span><\/span><\/p>\n<p><strong>WIDERRUFSRECHT<\/strong><\/p>\n<p><span>DameNaturen <\/span>gew\u00e4hrt dem Kunden aus freien St\u00fccken ein 14-t\u00e4giges Widerrufsrecht.<\/p>\n<p>Der Kunde hat das Recht, seine Zustimmung zum Vertragsschluss innerhalb von 14 Tagen nach Erhalt der Ware in Textform (z.B. Brief, E-Mail) oder durch R\u00fccksendung der unge\u00f6ffneten Ware zu widerrufen. Der Widerruf per Post ist zu richten an:<\/p>\n<p>Mutter Natur<\/p>\n<p><span>Rte de la Cr\u00eate-Blanche 34, 3977 Granges.<\/span><\/p>\n<p>Im Falle eines Widerrufs senden Sie die Ware bitte umgehend in der Originalverpackung an uns zur\u00fcck. Bitte beachten Sie, dass wir kein Widerrufsrecht f\u00fcr ge\u00f6ffnete Artikel einr\u00e4umen. Die Beweislast und die Kosten der R\u00fccksendung liegen bei Ihnen. Wir werden Ihnen den Kaufpreis sofort nach Erhalt der Ware zur\u00fcckerstatten.<\/p>\n<p>DameNatures beh\u00e4lt sich das Recht vor, eine zweite Sendung in Rechnung zu stellen oder die Bestellung zu stornieren, wenn der Kunde sein Paket bei der urspr\u00fcnglichen Sendung nicht abgeholt hat.<\/p>\n<p>Wir werden Ihnen die Produkte innerhalb von 30 Tagen zur\u00fcckerstatten.<\/p>\n<p>&nbsp;<\/p>\n<p><strong>GARANTIE UND HAFTUNG<\/strong><\/p>\n<p>Ohne den Geltungsbereich dieser Allgemeinen Gesch\u00e4ftsbedingungen einzuschr\u00e4nken, d\u00fcrfen Forderungen jeglicher Art, die sich auf gelieferte Produkte, die Nichtlieferung von Produkten oder \u00c4hnliches beziehen, den Betrag des Kaufpreises der Produkte, die Anlass zu einer Schadenersatzforderung gegeben haben, nicht \u00fcbersteigen. In keinem Fall kann DameNatures f\u00fcr indirekte, zuf\u00e4llige oder Folgesch\u00e4den jeglicher Art haftbar gemacht werden, die im Zusammenhang mit ihren Produkten oder deren Verwendung entstehen.<\/p>\n<p>&nbsp;<\/p>\n<div id=\"main\" role=\"main\" class=\"anchor\">\n<div class=\"shopify-policy__container\">\n<div class=\"shopify-policy__body\">\n<div class=\"rte\">\n<p><strong>FOR APPLICABLE<\/strong><\/p>\n<p>Die vorliegenden Allgemeinen Gesch\u00e4ftsbedingungen sowie alle Verk\u00e4ufe, bei denen diese Anwendung finden, unterliegen dem Schweizer Recht. Alle Streitigkeiten, die sich aus oder im Zusammenhang mit diesen Allgemeinen Gesch\u00e4ftsbedingungen ergeben, werden durch das Schweizer Recht geregelt.<\/p>\n<p>Der ausschliessliche Gerichtsstand ist in Sitten.<\/p>\n<p>Kontakt: Damenatureswiss.info@gmail.com<\/p>\n<p>Postanschrift :<\/p>\n<p>Mutter Natur<\/p>\n<p><span>Rte de la Cr\u00eate-Blanche 34, 3977 Granges.<\/span><\/p>\n<\/div>\n<\/div>\n<\/div>\n<\/div>\n<p>[\/et_pb_text][\/et_pb_column][\/et_pb_row][\/et_pb_section][et_pb_section fb_built=\u00a0\u00bb1\u2033 disabled_on=\u00a0\u00bboff|on|on\u00a0\u00bb _builder_version=\u00a0\u00bb4.23.1\u2033 _module_preset=\u00a0\u00bbdefault\u00a0\u00bb locked=\u00a0\u00bboff\u00a0\u00bb global_colors_info=\u00a0\u00bb{}\u00a0\u00bb custom_padding=\u00a0\u00bb42px|||||\u00a0\u00bb][et_pb_row _builder_version=\u00a0\u00bb4.23.1\u2033 _module_preset=\u00a0\u00bbdefault\u00a0\u00bb locked=\u00a0\u00bboff\u00a0\u00bb global_colors_info=\u00a0\u00bb{}\u00a0\u00bb custom_padding=\u00a0\u00bb3px|||||\u00a0\u00bb custom_margin=\u00a0\u00bb-4px|auto||auto||\u00a0\u00bb][et_pb_column type=\u00a0\u00bb4_4\u2033 _builder_version=\u00a0\u00bb4.23.1\u2033 _module_preset=\u00a0\u00bbdefault\u00a0\u00bb global_colors_info=\u00a0\u00bb{}\u00a0\u00bb][et_pb_text _builder_version=\u00a0\u00bb4.23.1\u2033 _module_preset=\u00a0\u00bbdefault\u00a0\u00bb text_font=\u00a0\u00bbYeseva One||||||||\u00a0\u00bb text_text_color=\u00a0\u00bb#447B75\u2033 text_font_size=\u00a0\u00bb23px\u00a0\u00bb text_orientation=\u00a0\u00bbcenter\u00a0\u00bb custom_margin=\u00a0\u00bb||50px|||\u00a0\u00bb hover_enabled=\u00a0\u00bb0\u2033 global_colors_info=\u00a0\u00bb{}\u00a0\u00bb sticky_enabled=\u00a0\u00bb0\u2033]<\/p>\n<p>Bedingungen f\u00fcr die Nutzung<\/p>\n<p>[\/et_pb_text][et_pb_text _builder_version= \"4.23.1\u2033 _module_preset= \"default \" text_line_height= \"1.3em \" hover_enabled= \"0\u2033 locked= \"off\" global_colors_info= \"{} \" text_font_size= \"12px \" sticky_enabled= \"0\u2033]<\/p>\n<p><strong>ALLGEMEINE GESCH\u00c4FTSBEDINGUNGEN (GVB)<\/strong><\/p>\n<p>Alle Bestellungen, die \u00fcber die Website \"DameNatures\" get\u00e4tigt werden, unterliegen den vorliegenden Allgemeinen Gesch\u00e4ftsbedingungen. Diese sind verbindlich und gelten unter Ausschluss aller anderen Bedingungen oder Vereinbarungen. Sie legen die Rechte und Pflichten jeder Partei fest. Jeder Kunde best\u00e4tigt, dass er die vorliegenden Allgemeinen Gesch\u00e4ftsbedingungen gelesen, verstanden und vorbehaltlos akzeptiert hat.<\/p>\n<p>&nbsp;<\/p>\n<p><strong>NUTZUNGSBEDINGUNGEN<\/strong><\/p>\n<p>Die Nutzung des Online-Shops von DameNatures macht Sie pers\u00f6nlich verantwortlich f\u00fcr die Sicherheit Ihrer Daten (Benutzername und Passwort) und f\u00fcr die Beschr\u00e4nkung auf Sie allein, wenn Dritte auf Ihre pers\u00f6nlichen Daten und\/oder Ihr Konto zugreifen oder bef\u00fcrchten, dass sich jemand unberechtigterweise Zugang zu diesen Daten verschafft hat, sind Sie verpflichtet, uns unverz\u00fcglich dar\u00fcber zu informieren.<\/p>\n<p>&nbsp;<\/p>\n<p><strong>PERS\u00d6NLICHE DATEN<\/strong><\/p>\n<p>DameNatures verpflichtet sich, die Vertraulichkeit der von den Kunden bei ihrer Bestellung auf dieser Website genannten pers\u00f6nlichen Daten zu wahren und sie im Rahmen der gesetzlich vorgeschriebenen Grenzen zu verarbeiten.<\/p>\n<p>Der Kunde verpflichtet sich, die f\u00fcr die Abwicklung seiner Bestellung (Rechnungsstellung und Lieferung) notwendigen pers\u00f6nlichen Daten in angemessener Weise anzugeben. Er verpflichtet sich, dass diese Daten zum Zeitpunkt der Bestellung korrekt und aktuell sind.<\/p>\n<p>&nbsp;<\/p>\n<p><strong>INKRAFTTRETEN DES VERTRAGS<\/strong><\/p>\n<p>Der Vertrag tritt in dem Moment in Kraft, in dem der Kunde die Zahlungsinformationen eingegeben hat und diese auf der Website \"DameNatures\" best\u00e4tigt wurden. Der Auftrag ist damit erteilt.<\/p>\n<p>Die Darstellung der Produkte in unserem Online-Shop ist kein rechtlich bindendes Angebot, sondern stellt lediglich einen unverbindlichen Online-Katalog dar.<\/p>\n<p>Die Best\u00e4tigung Ihrer Bestellung erfolgt unmittelbar durch eine automatisierte E-Mail und stellt noch keine Vertragsannahme dar. Wir pr\u00fcfen dann Ihre Bestellung und die Verf\u00fcgbarkeit der bestellten Waren. Wir k\u00f6nnen den Vertragsschluss entweder durch Zusendung einer Vertragsbest\u00e4tigung oder durch Lieferung der Ware innerhalb von zehn Tagen annehmen.<\/p>\n<p>&nbsp;<\/p>\n<p><strong>AUFTRAGSBEST\u00c4TIGUNG<\/strong><\/p>\n<p>Sobald die Bestellung best\u00e4tigt wurde und die Zahlung erfolgt ist, erh\u00e4lt der Kunde eine E-Mail mit der Best\u00e4tigung seiner Bestellung. Nach dem Versand dieser E-Mail ist es nicht mehr m\u00f6glich, die Lieferadresse zu \u00e4ndern, es sei denn, es handelt sich um einen Fehler bez\u00fcglich der Postleitzahl oder der Hausnummer. Die von DameNatures gespeicherten Daten<span>\u00a0<\/span>stellt einen unwiderlegbaren Beweis f\u00fcr die Bestellung oder die durchgef\u00fchrte Transaktion dar. Alle vom Finanzsystem gespeicherten Daten stellen einen unwiderlegbaren Beweis f\u00fcr die finanziellen Transaktionen dar. Im Falle einer nachtr\u00e4glichen Ablehnung der Zahlungsmethode wird DameNatures<span>\u00a0<\/span>beh\u00e4lt sich das Recht vor, die Lieferung einer \u00fcber diese Website get\u00e4tigten Bestellung nach eigenem Ermessen abzulehnen oder zu stornieren, solange die Zahlung noch nicht erfolgt ist.<\/p>\n<p>&nbsp;<\/p>\n<p><strong>PREIS<\/strong><\/p>\n<p>Die f\u00fcr die Produkte zu zahlenden Preise sind die auf dieser Website zum Zeitpunkt der Bestellung angezeigten Preise ohne Mehrwertsteuer , ohne Lieferkosten. Die Lieferkosten werden zus\u00e4tzlich zu den bestellten Produkten in Rechnung gestellt. Diese sind bei der Zusammenfassung des Warenkorbs sichtbar. Sie werden nach dem Ort berechnet, an dem der Kunde zum Zeitpunkt der Bestellung ans\u00e4ssig ist, und m\u00fcssen zwingend angefordert werden.<\/p>\n<p>&nbsp;<\/p>\n<p><strong>PRODUKTDARSTELLUNG<\/strong><\/p>\n<p><span>DameNaturen <\/span>verpflichtet sich, die Fotografien der Produkte, wie sie auf dieser Website dargestellt werden, so gut wie m\u00f6glich mit denen der Realit\u00e4t in Einklang zu bringen. Je nach Art der Pr\u00e4sentation des Produkts im Internet kann die Darstellung des Produkts durch den Kunden jedoch potenziell von der Realit\u00e4t abweichen.<\/p>\n<p>&nbsp;<\/p>\n<p><strong>BEZAHLUNG<\/strong><\/p>\n<p class=\"p1\">Wir \u00fcbernehmen keine Verantwortung f\u00fcr zus\u00e4tzliche Bankgeb\u00fchren oder Kosten f\u00fcr die W\u00e4hrungsumrechnung im Zusammenhang mit der Verwendung von Kredit- oder Debitkarten, die von Banken au\u00dferhalb des Landes ausgestellt wurden, in das die Bestellung geliefert wird.<\/p>\n<p>In \u00dcbereinstimmung mit den geltenden Vorschriften und um die Sicherheit und Vertraulichkeit ihrer Informationen zu gew\u00e4hrleisten, wird DameNatures<span>\u00a0<\/span>speichert die Bankdaten seiner Kunden nicht. Es obliegt daher dem Kunden, sein Zahlungszertifikat zu speichern und auszudrucken, wenn er die Zahlungsdetails seiner Bestellung aufbewahren m\u00f6chte. Kreditkartendaten werden zum Schutz des Kunden verschl\u00fcsselt.<\/p>\n<p>&nbsp;<\/p>\n<p><strong>LIEFERUNG<\/strong><\/p>\n<p>Die Lieferkosten werden am Ende des Bestellvorgangs anhand des Warenkorbs, des Gewichts, des Volumens und der Tarife des mit der Lieferung beauftragten Transportunternehmens berechnet. Sie sind vom Kunden zu tragen, es sei denn, es handelt sich um eine Sonderaktion, die vom Verk\u00e4ufer selbst angegeben wird.<\/p>\n<p>Ab dem Zeitpunkt der Bestellung und der Best\u00e4tigung der Zahlung betr\u00e4gt die Lieferzeit, als Richtwert, 2 Werktage, kann aber in sehr seltenen F\u00e4llen bis zu 8 Werktage betragen.<\/p>\n<p>Es obliegt dem Kunden, die Menge und den Zustand der Ware zu \u00fcberpr\u00fcfen, sobald ihm die Produkte \u00fcbergeben wurden. Im Falle eines Fehlers (besch\u00e4digtes oder fehlendes Produkt) muss der Kunde sich melden und DameNatures innerhalb von sieben Tagen informieren.<span>\u00a0<\/span>per E-Mail an die folgende Adresse: Damenatureswiss.info@gmail.com.<\/p>\n<p><span>DameNaturen <\/span>wird das fehlende oder besch\u00e4digte Produkt identisch ersetzen, wenn der Fehler von seinen eigenen Abteilungen best\u00e4tigt wurde.<\/p>\n<p>Produkte der Firma DameNatures<span>\u00a0<\/span>k\u00f6nnen nicht Gegenstand einer R\u00fcckgabe oder R\u00fcckerstattung sein, wenn sie in allen Punkten dem Bestellschein entsprechen und keine M\u00e4ngel aufweisen, die zu Lasten der Gesellschaft DameNatures gehen k\u00f6nnten.<\/p>\n<p>&nbsp;<\/p>\n<p><strong>RETURN<\/strong><\/p>\n<p>F\u00fcr Bestellungen in der Schweiz: Mutter Natur,<span>\u00a0<\/span><span>Rte de la Cr\u00eate-Blanche 34, 3977 Granges.<\/span><\/p>\n<p><span><\/span><\/p>\n<p><strong>WIDERRUFSRECHT<\/strong><\/p>\n<p><span>DameNaturen <\/span>gew\u00e4hrt dem Kunden aus freien St\u00fccken ein 14-t\u00e4giges Widerrufsrecht.<\/p>\n<p>Der Kunde hat das Recht, seine Zustimmung zum Vertragsschluss innerhalb von 14 Tagen nach Erhalt der Ware in Textform (z.B. Brief, E-Mail) oder durch R\u00fccksendung der unge\u00f6ffneten Ware zu widerrufen. Der Widerruf per Post ist zu richten an:<\/p>\n<p>Mutter Natur<\/p>\n<p><span>Rte de la Cr\u00eate-Blanche 34, 3977 Granges.<\/span><\/p>\n<p>Im Falle eines Widerrufs senden Sie die Ware bitte umgehend in der Originalverpackung an uns zur\u00fcck. Bitte beachten Sie, dass wir kein Widerrufsrecht f\u00fcr ge\u00f6ffnete Artikel einr\u00e4umen. Die Beweislast und die Kosten der R\u00fccksendung liegen bei Ihnen. Wir werden Ihnen den Kaufpreis sofort nach Erhalt der Ware zur\u00fcckerstatten.<\/p>\n<p>DameNatures beh\u00e4lt sich das Recht vor, eine zweite Sendung in Rechnung zu stellen oder die Bestellung zu stornieren, wenn der Kunde sein Paket bei der urspr\u00fcnglichen Sendung nicht abgeholt hat.<\/p>\n<p>Wir werden Ihnen die Produkte innerhalb von 30 Tagen zur\u00fcckerstatten.<\/p>\n<p>&nbsp;<\/p>\n<p><strong>GARANTIE UND HAFTUNG<\/strong><\/p>\n<p>Ohne den Geltungsbereich dieser Allgemeinen Gesch\u00e4ftsbedingungen einzuschr\u00e4nken, d\u00fcrfen Forderungen jeglicher Art, die sich auf gelieferte Produkte, die Nichtlieferung von Produkten oder \u00c4hnliches beziehen, den Betrag des Kaufpreises der Produkte, die Anlass zu einer Schadenersatzforderung gegeben haben, nicht \u00fcbersteigen. In keinem Fall kann DameNatures f\u00fcr indirekte, zuf\u00e4llige oder Folgesch\u00e4den jeglicher Art haftbar gemacht werden, die im Zusammenhang mit ihren Produkten oder deren Verwendung entstehen.<\/p>\n<p>&nbsp;<\/p>\n<div id=\"main\" role=\"main\" class=\"anchor\">\n<div class=\"shopify-policy__container\">\n<div class=\"shopify-policy__body\">\n<div class=\"rte\">\n<p><strong>FOR APPLICABLE<\/strong><\/p>\n<p>Die vorliegenden Allgemeinen Gesch\u00e4ftsbedingungen sowie alle Verk\u00e4ufe, bei denen diese Anwendung finden, unterliegen dem Schweizer Recht. Alle Streitigkeiten, die sich aus oder im Zusammenhang mit diesen Allgemeinen Gesch\u00e4ftsbedingungen ergeben, werden durch das Schweizer Recht geregelt.<\/p>\n<p>Der ausschliessliche Gerichtsstand ist in Sitten.<\/p>\n<p>Kontakt: Damenatureswiss.info@gmail.com<\/p>\n<p>Postanschrift :<\/p>\n<p>Mutter Natur<\/p>\n<p><span>Rte de la Cr\u00eate-Blanche 34, 3977 Granges.<\/span><\/p>\n<\/div>\n<\/div>\n<\/div>\n<\/div>\n<p>[\/et_pb_text][\/et_pb_column][\/et_pb_row][\/et_pb_section]<\/p>","protected":false},"excerpt":{"rendered":"<p>NutzungsbedingungenAllgemeine Gesch\u00e4ftsbedingungen (AGB) Alle Bestellungen, die \u00fcber die Website \"DameNatures\" get\u00e4tigt werden, unterliegen den vorliegenden allgemeinen Gesch\u00e4ftsbedingungen. Diese sind verbindlich und gelten unter Ausschluss aller anderen Bedingungen oder Vereinbarungen. Sie legen die Rechte und Pflichten jeder Partei fest. Jeder Kunde best\u00e4tigt, dass er gelesen, verstanden und [...].<\/p>","protected":false},"author":1,"featured_media":0,"parent":0,"menu_order":0,"comment_status":"closed","ping_status":"closed","template":"","meta":{"_et_pb_use_builder":"on","_et_pb_old_content":"","_et_gb_content_width":"","wp_mapbox_gl_js_media":[],"footnotes":""},"class_list":["post-30294","page","type-page","status-publish","hentry"],"jetpack_sharing_enabled":true,"_links":{"self":[{"href":"https:\/\/damenatures.com\/de\/wp-json\/wp\/v2\/pages\/30294","targetHints":{"allow":["GET"]}}],"collection":[{"href":"https:\/\/damenatures.com\/de\/wp-json\/wp\/v2\/pages"}],"about":[{"href":"https:\/\/damenatures.com\/de\/wp-json\/wp\/v2\/types\/page"}],"author":[{"embeddable":true,"href":"https:\/\/damenatures.com\/de\/wp-json\/wp\/v2\/users\/1"}],"replies":[{"embeddable":true,"href":"https:\/\/damenatures.com\/de\/wp-json\/wp\/v2\/comments?post=30294"}],"version-history":[{"count":22,"href":"https:\/\/damenatures.com\/de\/wp-json\/wp\/v2\/pages\/30294\/revisions"}],"predecessor-version":[{"id":30442,"href":"https:\/\/damenatures.com\/de\/wp-json\/wp\/v2\/pages\/30294\/revisions\/30442"}],"wp:attachment":[{"href":"https:\/\/damenatures.com\/de\/wp-json\/wp\/v2\/media?parent=30294"}],"curies":[{"name":"wp","href":"https:\/\/api.w.org\/{rel}","templated":true}]}}