{"id":30322,"date":"2024-11-14T11:58:37","date_gmt":"2024-11-14T10:58:37","guid":{"rendered":"https:\/\/damenatures.com\/?page_id=30322"},"modified":"2024-11-18T17:55:51","modified_gmt":"2024-11-18T16:55:51","slug":"droit-de-remboursement","status":"publish","type":"page","link":"https:\/\/damenatures.com\/de\/droit-de-remboursement\/","title":{"rendered":"Recht auf R\u00fcckerstattung"},"content":{"rendered":"<p>[et_pb_section fb_built=\u00a0\u00bb1\u2033 disabled_on=\u00a0\u00bbon|off|off\u00a0\u00bb _builder_version=\u00a0\u00bb4.23.1\u2033 _module_preset=\u00a0\u00bbdefault\u00a0\u00bb global_colors_info=\u00a0\u00bb{}\u00a0\u00bb][et_pb_row _builder_version=\u00a0\u00bb4.23.1\u2033 _module_preset=\u00a0\u00bbdefault\u00a0\u00bb custom_margin=\u00a0\u00bb-10px|auto||auto||\u00a0\u00bb custom_padding=\u00a0\u00bb11px|||||\u00a0\u00bb global_colors_info=\u00a0\u00bb{}\u00a0\u00bb][et_pb_column type=\u00a0\u00bb4_4\u2033 _builder_version=\u00a0\u00bb4.23.1\u2033 _module_preset=\u00a0\u00bbdefault\u00a0\u00bb global_colors_info=\u00a0\u00bb{}\u00a0\u00bb][et_pb_text _builder_version=\u00a0\u00bb4.23.1\u2033 _module_preset=\u00a0\u00bbdefault\u00a0\u00bb text_font=\u00a0\u00bbYeseva One||||||||\u00a0\u00bb text_text_color=\u00a0\u00bb#447B75\u2033 text_font_size=\u00a0\u00bb30px\u00a0\u00bb text_orientation=\u00a0\u00bbcenter\u00a0\u00bb custom_margin=\u00a0\u00bb-4px||60px|||\u00a0\u00bb locked=\u00a0\u00bboff\u00a0\u00bb global_colors_info=\u00a0\u00bb{}\u00a0\u00bb]<\/p>\n<p>R\u00fcckerstattungsrichtlinie<\/p>\n<p>[\/et_pb_text][et_pb_text _builder_version= \"4.23.1\u2033 _module_preset= \"default \" text_line_height= \"1.3em \" locked= \"off \" global_colors_info= \"{} \"]<\/p>\n<div id=\"main\" role=\"main\" class=\"anchor\">\n<div class=\"shopify-policy__container\">\n<div class=\"shopify-policy__body\">\n<div class=\"rte\">\n<p><strong>WIDERRUFSRECHT<\/strong><\/p>\n<p>DameNature r\u00e4umt dem Kunden aus freien St\u00fccken ein 14-t\u00e4giges Widerrufsrecht ein.<\/p>\n<p>Der Kunde hat das Recht, seine Zustimmung zum Vertragsschluss innerhalb von 14 Tagen nach Erhalt der Ware in Textform (z. B. per E-Mail) oder durch R\u00fccksendung der unge\u00f6ffneten Ware zu widerrufen.<\/p>\n<p>F\u00fcr Bestellungen in der Schweiz: Mutter Natur,<span>\u00a0<\/span><span>Rte de la Cr\u00eate-Blanche 34,<br \/>3977, Granges.<\/span><\/p>\n<p>Im Falle eines Widerrufs senden Sie die Ware bitte umgehend in der Originalverpackung an uns zur\u00fcck. Bitte beachten Sie, dass wir kein Widerrufsrecht f\u00fcr ge\u00f6ffnete Artikel einr\u00e4umen. Die Beweislast und die Kosten der R\u00fccksendung liegen bei Ihnen. Wir werden Ihnen den Kaufpreis sofort nach Erhalt der Ware zur\u00fcckerstatten.<\/p>\n<p>DameNatures beh\u00e4lt sich das Recht vor, eine zweite Sendung in Rechnung zu stellen oder die Bestellung zu stornieren, wenn der Kunde sein Paket bei der urspr\u00fcnglichen Sendung nicht abgeholt hat.<\/p>\n<p>Wir werden Ihnen die Produkte innerhalb von 30 Tagen zur\u00fcckerstatten.<\/p>\n<\/div>\n<\/div>\n<\/div>\n<\/div>\n<div id=\"shopify-section-sections--17283226239188__footer\" class=\"shopify-section shopify-section-group-footer-group shopify-section--footer\">\n<footer class=\"footer\">\n<div class=\"container\">\n<div class=\"footer__inner\">\n<div class=\"footer__item-list\">\n<div class=\"footer__item footer__item--newsletter is-first\"><\/div>\n<div class=\"footer__item footer__item--social-media\"><\/div>\n<\/div>\n<\/div>\n<\/div>\n<\/footer>\n<\/div>\n<p>[\/et_pb_text][\/et_pb_column][\/et_pb_row][\/et_pb_section][et_pb_section fb_built=\u00a0\u00bb1\u2033 disabled_on=\u00a0\u00bboff|on|on\u00a0\u00bb _builder_version=\u00a0\u00bb4.23.1\u2033 _module_preset=\u00a0\u00bbdefault\u00a0\u00bb custom_padding=\u00a0\u00bb69px|||||\u00a0\u00bb locked=\u00a0\u00bboff\u00a0\u00bb global_colors_info=\u00a0\u00bb{}\u00a0\u00bb][et_pb_row _builder_version=\u00a0\u00bb4.23.1\u2033 _module_preset=\u00a0\u00bbdefault\u00a0\u00bb custom_margin=\u00a0\u00bb-31px|auto||auto||\u00a0\u00bb custom_padding=\u00a0\u00bb0px|||||\u00a0\u00bb global_colors_info=\u00a0\u00bb{}\u00a0\u00bb][et_pb_column type=\u00a0\u00bb4_4\u2033 _builder_version=\u00a0\u00bb4.23.1\u2033 _module_preset=\u00a0\u00bbdefault\u00a0\u00bb global_colors_info=\u00a0\u00bb{}\u00a0\u00bb][et_pb_text disabled_on=\u00a0\u00bboff|off|off\u00a0\u00bb _builder_version=\u00a0\u00bb4.23.1\u2033 _module_preset=\u00a0\u00bbdefault\u00a0\u00bb text_font=\u00a0\u00bbYeseva One||||||||\u00a0\u00bb text_text_color=\u00a0\u00bb#447B75\u2033 text_font_size=\u00a0\u00bb23px\u00a0\u00bb text_line_height=\u00a0\u00bb1.3em\u00a0\u00bb text_orientation=\u00a0\u00bbcenter\u00a0\u00bb custom_margin=\u00a0\u00bb||50px|||\u00a0\u00bb locked=\u00a0\u00bboff\u00a0\u00bb global_colors_info=\u00a0\u00bb{}\u00a0\u00bb]<\/p>\n<p>R\u00fcckerstattungsrichtlinie<\/p>\n<p>[\/et_pb_text][et_pb_text _builder_version=\u00a0\u00bb4.23.1\u2033 _module_preset=\u00a0\u00bbdefault\u00a0\u00bb text_font_size=\u00a0\u00bb12px\u00a0\u00bb text_line_height=\u00a0\u00bb1.3em\u00a0\u00bb locked=\u00a0\u00bboff\u00a0\u00bb global_colors_info=\u00a0\u00bb{}\u00a0\u00bb]<\/p>\n<div id=\"main\" role=\"main\" class=\"anchor\">\n<div class=\"shopify-policy__container\">\n<div class=\"shopify-policy__body\">\n<div class=\"rte\">\n<p><strong>WIDERRUFSRECHT<\/strong><\/p>\n<p>DameNature r\u00e4umt dem Kunden aus freien St\u00fccken ein 14-t\u00e4giges Widerrufsrecht ein.<\/p>\n<p>Der Kunde hat das Recht, seine Zustimmung zum Vertragsschluss innerhalb von 14 Tagen nach Erhalt der Ware in Textform (z. B. per E-Mail) oder durch R\u00fccksendung der unge\u00f6ffneten Ware zu widerrufen.<\/p>\n<p>F\u00fcr Bestellungen in der Schweiz: Mutter Natur,<span>\u00a0<\/span><span>Rte de la Cr\u00eate-Blanche 34,<br \/>3977, Granges.<\/span><\/p>\n<p>Im Falle eines Widerrufs senden Sie die Ware bitte umgehend in der Originalverpackung an uns zur\u00fcck. Bitte beachten Sie, dass wir kein Widerrufsrecht f\u00fcr ge\u00f6ffnete Artikel einr\u00e4umen. Die Beweislast und die Kosten der R\u00fccksendung liegen bei Ihnen. Wir werden Ihnen den Kaufpreis sofort nach Erhalt der Ware zur\u00fcckerstatten.<\/p>\n<p>DameNatures beh\u00e4lt sich das Recht vor, eine zweite Sendung in Rechnung zu stellen oder die Bestellung zu stornieren, wenn der Kunde sein Paket bei der urspr\u00fcnglichen Sendung nicht abgeholt hat.<\/p>\n<p>Wir werden Ihnen die Produkte innerhalb von 30 Tagen zur\u00fcckerstatten.<\/p>\n<\/div>\n<\/div>\n<\/div>\n<\/div>\n<div id=\"shopify-section-sections--17283226239188__footer\" class=\"shopify-section shopify-section-group-footer-group shopify-section--footer\">\n<footer class=\"footer\">\n<div class=\"container\">\n<div class=\"footer__inner\">\n<div class=\"footer__item-list\">\n<div class=\"footer__item footer__item--newsletter is-first\"><\/div>\n<div class=\"footer__item footer__item--social-media\"><\/div>\n<\/div>\n<\/div>\n<\/div>\n<\/footer>\n<\/div>\n<p>[\/et_pb_text][\/et_pb_column][\/et_pb_row][\/et_pb_section]<\/p>","protected":false},"excerpt":{"rendered":"<p>R\u00fcckerstattungsrichtlinie Widerrufsrecht DameNature gew\u00e4hrt dem Kunden nach eigenem Ermessen ein 14-t\u00e4giges Widerrufsrecht. Der Kunde hat das Recht, seine Zustimmung zum Vertragsabschluss innerhalb von 14 Tagen nach Erhalt der Ware schriftlich (z.B. per E-Mail) oder [\u2026]<\/p>","protected":false},"author":1,"featured_media":0,"parent":0,"menu_order":0,"comment_status":"closed","ping_status":"closed","template":"","meta":{"_et_pb_use_builder":"on","_et_pb_old_content":"","_et_gb_content_width":"","wp_mapbox_gl_js_media":[],"footnotes":""},"class_list":["post-30322","page","type-page","status-publish","hentry"],"jetpack_sharing_enabled":true,"_links":{"self":[{"href":"https:\/\/damenatures.com\/de\/wp-json\/wp\/v2\/pages\/30322","targetHints":{"allow":["GET"]}}],"collection":[{"href":"https:\/\/damenatures.com\/de\/wp-json\/wp\/v2\/pages"}],"about":[{"href":"https:\/\/damenatures.com\/de\/wp-json\/wp\/v2\/types\/page"}],"author":[{"embeddable":true,"href":"https:\/\/damenatures.com\/de\/wp-json\/wp\/v2\/users\/1"}],"replies":[{"embeddable":true,"href":"https:\/\/damenatures.com\/de\/wp-json\/wp\/v2\/comments?post=30322"}],"version-history":[{"count":13,"href":"https:\/\/damenatures.com\/de\/wp-json\/wp\/v2\/pages\/30322\/revisions"}],"predecessor-version":[{"id":30445,"href":"https:\/\/damenatures.com\/de\/wp-json\/wp\/v2\/pages\/30322\/revisions\/30445"}],"wp:attachment":[{"href":"https:\/\/damenatures.com\/de\/wp-json\/wp\/v2\/media?parent=30322"}],"curies":[{"name":"wp","href":"https:\/\/api.w.org\/{rel}","templated":true}]}}