{"id":29024,"date":"2023-08-03T23:54:13","date_gmt":"2023-08-03T21:54:13","guid":{"rendered":"http:\/\/damenatures.com\/?post_type=product&#038;p=29024"},"modified":"2026-04-15T10:25:10","modified_gmt":"2026-04-15T08:25:10","slug":"aux-6-plantes","status":"publish","type":"product","link":"https:\/\/damenatures.com\/de\/produkt\/aux-6-plantes\/","title":{"rendered":"\"Aux 6 Plantes\""},"content":{"rendered":"<p>Die unverzichtbare nat\u00fcrliche Creme f\u00fcr die ganze Familie ab 6 Jahren, angereichert mit den sechs Wirkstoffen Aloe Vera, Klette, Calendula, Malve, Wildes Stiefm\u00fctterchen und Rote Weinrebe. Diese nat\u00fcrliche und vegane 100%-Creme bietet Ihnen ein einzigartiges Pflegeerlebnis. Dank ihrer Konservierungsstoffe nat\u00fcrlichen Ursprungs und ihrer nicht an Tieren getesteten Formel vereint sie Sanftheit und Wirksamkeit. Sie hilft, die Qualit\u00e4t und Geschwindigkeit der Wundheilung zu verbessern, die oberen Hautschichten zu sch\u00fctzen und die Hautbarriere zu st\u00e4rken. G\u00f6nnen Sie Ihrer Haut das, was sie verdient: nat\u00fcrlichen Schutz und tiefenwirksame Feuchtigkeitsversorgung. <strong>INGREDITIONEN : <\/strong> Aqua, Glycerin, Helianthus Annuus Seed Oil<em>Kokosnussalkane, Octyldodecyl Myristate, Arachidyl Alcohol, Behenyl Alcohol, Arachidyl Glucoside, Glyceryl Stearate, Sodium Anisate, Sodium Levulinate, Coco-Caprylate\/Caprate, Lysolecithin, Sclerotium Gum, Chondrus Crispus Powder, Sodium Benzoate, Aloe Barbadensis Leaf Juice Powder.<\/em>Kaliumsorbat, Cymbopogon Martini Oil<em>, Tocopherol, Geraniol, Pullulan, Xanthan Gum, Citric Acid, Vitis Vinifera Leaf Extract<\/em>Calendula Officinalis Flower Extract<em>Malva Sylvestris Flower\/Leaf\/Stem Extract (Malvenbl\u00fcte)<\/em>, Natrium Phytat, Arctium Lappa Root Extract<em>Viola Tricolor Extract<\/em>Silica, Linalool, Citral, Farnesol, Limonene**, Alcohol<\/p>","protected":false},"excerpt":{"rendered":"<p>La cr\u00e8me naturelle indispensable pour toute la famille d\u00e8s 6 ans, enrichie de six principes actifs, l&rsquo;Aloe Vera, la Bardane, le Calendula, la Mauve, la Pens\u00e9e Sauvage et la Vigne Rouge. Cette cr\u00e8me 100% naturelle et v\u00e9gane vous offre une exp\u00e9rience de soin unique. Gr\u00e2ce \u00e0 ses conservateurs d&rsquo;origine naturelle et \u00e0 sa formule non [&hellip;]<\/p>","protected":false},"featured_media":30778,"template":"","meta":{"_et_pb_use_builder":"off","_et_pb_old_content":"La cr\u00e8me naturelle indispensable pour toute la famille d\u00e8s 6 ans, enrichie de six principes actifs,\r\nl'Aloe Vera, la Bardane, le Calendula, la Mauve, la Pens\u00e9e Sauvage et la Vigne Rouge.\r\nCette cr\u00e8me 100% naturelle et v\u00e9gane vous offre une exp\u00e9rience de soin unique.\r\nGr\u00e2ce \u00e0 ses conservateurs d'origine naturelle et \u00e0 sa formule non test\u00e9e sur les animaux,\r\nelle associe douceur et efficacit\u00e9.\r\nElle permet d'am\u00e9liorer la qualit\u00e9 et la vitesse de cicatrisation, de prot\u00e9ger les couches sup\u00e9rieures de la peau, et de renforcer la barri\u00e8re cutan\u00e9e.\r\nOffrez \u00e0 votre peau ce qu'elle m\u00e9rite, une protection naturelle et une hydratation en profondeur.\r\n\r\n<strong>INGR\u00c9DIENTS : <\/strong>\r\n\r\nAqua, Glycerin, Helianthus Annuus Seed Oil<em>, Coconut Alkanes, Octyldodecyl Myristate, Arachidyl Alcohol, Behenyl Alcohol, Arachidyl Glucoside, Glyceryl Stearate, Sodium Anisate, Sodium Levulinate, Coco-Caprylate\/Caprate, Lysolecithin, Sclerotium Gum, Chondrus Crispus Powder, Sodium Benzoate, Aloe Barbadensis Leaf Juice Powder<\/em>, Potassium\r\nSorbate, Cymbopogon Martini Oil<em>, Tocopherol, Geraniol, Pullulan, Xanthan Gum, Citric Acid, Vitis Vinifera Leaf Extract<\/em>,\r\nCalendula Officinalis Flower Extract<em>, Malva Sylvestris Flower\/Leaf\/Stem Extract<\/em>, Sodium Phytate, Arctium Lappa Root Extract<em>, Viola Tricolor Extract<\/em>, Silica, Linalool, Citral, Farnesol, Limonene**, Alcohol","_et_gb_content_width":"","wp_mapbox_gl_js_media":[]},"product_brand":[],"product_cat":[21],"product_tag":[],"class_list":{"0":"post-29024","1":"product","2":"type-product","3":"status-publish","4":"has-post-thumbnail","6":"product_cat-creme-multi-usage","7":"product_shipping_class-creme-multi-usage","9":"first","10":"instock","11":"sale","12":"taxable","13":"shipping-taxable","14":"purchasable","15":"product-type-variable"},"jetpack_sharing_enabled":true,"_links":{"self":[{"href":"https:\/\/damenatures.com\/de\/wp-json\/wp\/v2\/product\/29024","targetHints":{"allow":["GET"]}}],"collection":[{"href":"https:\/\/damenatures.com\/de\/wp-json\/wp\/v2\/product"}],"about":[{"href":"https:\/\/damenatures.com\/de\/wp-json\/wp\/v2\/types\/product"}],"wp:featuredmedia":[{"embeddable":true,"href":"https:\/\/damenatures.com\/de\/wp-json\/wp\/v2\/media\/30778"}],"wp:attachment":[{"href":"https:\/\/damenatures.com\/de\/wp-json\/wp\/v2\/media?parent=29024"}],"wp:term":[{"taxonomy":"product_brand","embeddable":true,"href":"https:\/\/damenatures.com\/de\/wp-json\/wp\/v2\/product_brand?post=29024"},{"taxonomy":"product_cat","embeddable":true,"href":"https:\/\/damenatures.com\/de\/wp-json\/wp\/v2\/product_cat?post=29024"},{"taxonomy":"product_tag","embeddable":true,"href":"https:\/\/damenatures.com\/de\/wp-json\/wp\/v2\/product_tag?post=29024"}],"curies":[{"name":"wp","href":"https:\/\/api.w.org\/{rel}","templated":true}]}}